{"id":1195,"date":"2024-07-18T02:46:14","date_gmt":"2024-07-18T06:46:14","guid":{"rendered":"https:\/\/lifeandfamily.net\/get-involved\/"},"modified":"2024-08-19T16:41:13","modified_gmt":"2024-08-19T20:41:13","slug":"get-involved","status":"publish","type":"page","link":"https:\/\/lifeandfamily.net\/es\/get-involved\/","title":{"rendered":"Participa"},"content":{"rendered":"\t\t<div data-elementor-type=\"wp-page\" data-elementor-id=\"1195\" class=\"elementor elementor-1195 elementor-1012\">\n\t\t\t\t<div class=\"elementor-element elementor-element-7a8922a wd-section-stretch e-flex e-con-boxed e-con e-parent\" data-id=\"7a8922a\" data-element_type=\"container\">\n\t\t\t\t\t<div class=\"e-con-inner\">\n\t\t<div class=\"elementor-element elementor-element-321b7b5 e-con-full e-flex e-con e-child\" data-id=\"321b7b5\" data-element_type=\"container\">\n\t\t\t\t<div class=\"elementor-element elementor-element-8cf5254 justext wd-width-100 elementor-widget elementor-widget-wd_title\" data-id=\"8cf5254\" data-element_type=\"widget\" data-widget_type=\"wd_title.default\">\n\t\t\t\t<div class=\"elementor-widget-container\">\n\t\t\t\t\t\t<link rel=\"stylesheet\" id=\"wd-section-title-css\" href=\"https:\/\/lifeandfamily.net\/wp-content\/themes\/woodmart\/css\/parts\/el-section-title.min.css?ver=7.5.1\" type=\"text\/css\" media=\"all\" \/> \t\t\t\t\t<div class=\"title-wrapper set-mb-s reset-last-child wd-title-color-default wd-title-style-default wd-title-size-extra-large text-left\">\n\n\t\t\t\n\t\t\t<div class=\"liner-continer\">\n\t\t\t\t<h1 class=\"woodmart-title-container title wd-fontsize-xxxl\">VOLUNTARIADO<\/h1> \n\t\t\t\t\t\t\t<\/div>\n\n\t\t\t\t\t\t\t<div class=\"title-after_title set-cont-mb-s reset-last-child wd-fontsize-s\">\n\t\t\t\t\tLife &amp; Family Pregnancy Center se dedica a proporcionar atenci\u00f3n y asesor\u00eda a mujeres embarazadas en estado vulnerable. Uni\u00e9ndote a nosotros como voluntaria, puedes ayudar a muchas mujeres a recibir el apoyo que necesitan. Nuestros servicios de voluntariado incluyen asistencia en eventos, clases de crianza y cuidados en el embarazo, clases de cocina, cuidado de ni\u00f1os, apoyo en la oficina, educaci\u00f3n de habilidades y valores para la vida.\t\t\t\t<\/div>\n\t\t\t\t\t<\/div>\n\t\t\t\t<\/div>\n\t\t\t\t<\/div>\n\t\t\t\t<div class=\"elementor-element elementor-element-0395517 justext elementor-widget elementor-widget-wd_text_block\" data-id=\"0395517\" data-element_type=\"widget\" data-widget_type=\"wd_text_block.default\">\n\t\t\t\t<div class=\"elementor-widget-container\">\n\t\t\t\t\t\t<link rel=\"stylesheet\" id=\"wd-text-block-css\" href=\"https:\/\/lifeandfamily.net\/wp-content\/themes\/woodmart\/css\/parts\/el-text-block.min.css?ver=7.5.1\" type=\"text\/css\" media=\"all\" \/> \t\t\t\t\t<div class=\"wd-text-block reset-last-child text-left\">\n\t\t\t\n\t\t\tBuscamos personas apasionadas con ganas de contribuir a nuestro equipo y apoyar a las mam\u00e1s. Si tienes coraz\u00f3n para ayudar y quieres marcar la diferencia, nos encantar\u00eda tenerte a bordo como voluntaria.\n\t\t\t\t\t<\/div>\n\t\t\t\t<\/div>\n\t\t\t\t<\/div>\n\t\t\t\t<div class=\"elementor-element elementor-element-024a68a elementor-widget elementor-widget-wd_button\" data-id=\"024a68a\" data-element_type=\"widget\" data-widget_type=\"wd_button.default\">\n\t\t\t\t<div class=\"elementor-widget-container\">\n\t\t\t\t\t<div class=\"wd-button-wrapper text-left\" >\n\t\t\t<a class=\"btn btn-style-default btn-style-semi-round btn-size-large btn-scheme-inherit btn-scheme-hover-inherit btn-icon-pos-right\"  href=\"https:\/\/lifeandfamily.net\/es\/contactanos\/\">\n\t\t\t\t<span class=\"wd-btn-text\" data-elementor-setting-key=\"text\">\n\t\t\t\t\tContactanos\t\t\t\t<\/span>\n\n\t\t\t\t\t\t\t<\/a>\n\t\t<\/div>\n\t\t\t\t<\/div>\n\t\t\t\t<\/div>\n\t\t\t\t<\/div>\n\t\t<div class=\"elementor-element elementor-element-8161dba e-con-full e-flex e-con e-child\" data-id=\"8161dba\" data-element_type=\"container\">\n\t\t\t\t<div class=\"elementor-element elementor-element-278066f wd-width-100 elementor-widget elementor-widget-wd_video\" data-id=\"278066f\" data-element_type=\"widget\" data-widget_type=\"wd_video.default\">\n\t\t\t\t<div class=\"elementor-widget-container\">\n\t\t\t\t\t\t<link rel=\"stylesheet\" id=\"wd-el-video-css\" href=\"https:\/\/lifeandfamily.net\/wp-content\/themes\/woodmart\/css\/parts\/el-video.min.css?ver=7.5.1\" type=\"text\/css\" media=\"all\" \/> \t\t\t\n\t\t<div class=\"wd-el-video wd-action-without wd-video-youtube\">\n\t\t\t\t\t\t\t<iframe src=\"https:\/\/www.youtube.com\/embed\/orJg4gQUglc?feature=oembed&loop=0&mute=0&controls=0\" allowfullscreen allow=\"accelerometer; autoplay; encrypted-media; gyroscope; picture-in-picture\" width=\"100%\" height=\"100%\" loading=\"lazy\"><\/iframe>\t\t\t\n\t\t\t\n\t\t\t\n\t\t\t\t\t<\/div>\n\t\t\t\t<\/div>\n\t\t\t\t<\/div>\n\t\t\t\t<\/div>\n\t\t\t\t\t<\/div>\n\t\t\t\t<\/div>\n\t\t<div class=\"elementor-element elementor-element-135a69d wd-section-stretch e-grid geti-box e-con-boxed e-con e-parent\" data-id=\"135a69d\" data-element_type=\"container\">\n\t\t\t\t\t<div class=\"e-con-inner\">\n\t\t\t\t<div class=\"elementor-element elementor-element-dcec149 elementor-widget elementor-widget-wd_infobox\" data-id=\"dcec149\" data-element_type=\"widget\" data-widget_type=\"wd_infobox.default\">\n\t\t\t\t<div class=\"elementor-widget-container\">\n\t\t\t\t\t\t<link rel=\"stylesheet\" id=\"wd-info-box-css\" href=\"https:\/\/lifeandfamily.net\/wp-content\/themes\/woodmart\/css\/parts\/el-info-box.min.css?ver=7.5.1\" type=\"text\/css\" media=\"all\" \/> \t\t\t\t\t\t<link rel=\"stylesheet\" id=\"wd-info-box-style-shadow-and-bg-hover-css\" href=\"https:\/\/lifeandfamily.net\/wp-content\/themes\/woodmart\/css\/parts\/el-info-box-style-shadow-and-bg-hover.min.css?ver=7.5.1\" type=\"text\/css\" media=\"all\" \/> \t\t\t\t\t<div class=\"info-box-wrapper\">\n\t\t\t<div class=\"wd-info-box text-left box-icon-align-top box-style-bg-hover color-scheme- color-scheme-hover-light\">\n\t\t\t\t\t\t\t\t\t<div class=\"box-icon-wrapper  box-with-icon box-icon-simple\">\n\t\t\t\t\t\t<div class=\"info-box-icon\">\n\t\t\t\t\t\t\t\t\t\t\t\t\t\t\t<img fetchpriority=\"high\" decoding=\"async\" width=\"550\" height=\"350\" src=\"https:\/\/lifeandfamily.net\/wp-content\/uploads\/2024\/07\/help-in-events-1-550x350.webp\" class=\"attachment-550x350 size-550x350\" alt=\"\" \/>\t\t\t\t\t\t\t\t\t\t\t\t\t<\/div>\n\t\t\t\t\t<\/div>\n\t\t\t\t\n\t\t\t\t<div class=\"info-box-content\">\n\t\t\t\t\t\n\t\t\t\t\t\t\t\t\t\t\t<h4\t\t\t\t\t\tclass=\"info-box-title title box-title-style-default wd-fontsize-m\" data-elementor-setting-key=\"title\">\n\t\t\t\t\t\t\t\tAyuda en eventos\t\t\t\t\t\t<\/h4>\n\t\t\t\t\t\n\t\t\t\t\t<div class=\"info-box-inner set-cont-mb-s reset-last-child\"data-elementor-setting-key=\"content\"><p>Este voluntario formar\u00e1 parte de nuestro comit\u00e9 de recaudaci\u00f3n de fondos, ayudando en la Gala Anual, el Torneo de Golf, el Giving Tuesday y otros eventos de recaudaci\u00f3n de fondos.<\/p>\n<\/div>\n\n\t\t\t\t\t\t\t\t\t<\/div>\n\n\t\t\t\t\t\t\t<\/div>\n\t\t<\/div>\n\t\t\t\t<\/div>\n\t\t\t\t<\/div>\n\t\t\t\t<div class=\"elementor-element elementor-element-71d2915 elementor-widget elementor-widget-wd_infobox\" data-id=\"71d2915\" data-element_type=\"widget\" data-widget_type=\"wd_infobox.default\">\n\t\t\t\t<div class=\"elementor-widget-container\">\n\t\t\t\t\t<div class=\"info-box-wrapper\">\n\t\t\t<div class=\"wd-info-box text-left box-icon-align-top box-style-bg-hover color-scheme- color-scheme-hover-light\">\n\t\t\t\t\t\t\t\t\t<div class=\"box-icon-wrapper  box-with-icon box-icon-simple\">\n\t\t\t\t\t\t<div class=\"info-box-icon\">\n\t\t\t\t\t\t\t\t\t\t\t\t\t\t\t<img decoding=\"async\" width=\"550\" height=\"350\" src=\"https:\/\/lifeandfamily.net\/wp-content\/uploads\/2024\/07\/image_123650291-550x350.jpg\" class=\"attachment-550x350 size-550x350\" alt=\"\" \/>\t\t\t\t\t\t\t\t\t\t\t\t\t<\/div>\n\t\t\t\t\t<\/div>\n\t\t\t\t\n\t\t\t\t<div class=\"info-box-content\">\n\t\t\t\t\t\n\t\t\t\t\t\t\t\t\t\t\t<h4\t\t\t\t\t\tclass=\"info-box-title title box-title-style-default wd-fontsize-m\" data-elementor-setting-key=\"title\">\n\t\t\t\t\t\t\t\tClases de cocina\t\t\t\t\t\t<\/h4>\n\t\t\t\t\t\n\t\t\t\t\t<div class=\"info-box-inner set-cont-mb-s reset-last-child\"data-elementor-setting-key=\"content\"><p>Este voluntario ayudar\u00eda dando clases de cocina a nuestros clientes. Esto incluir\u00eda una introducci\u00f3n a las habilidades y t\u00e9cnicas culinarias b\u00e1sicas, as\u00ed como ense\u00f1arles a cocinar algunas recetas f\u00e1ciles.<\/p>\n<\/div>\n\n\t\t\t\t\t\t\t\t\t<\/div>\n\n\t\t\t\t\t\t\t<\/div>\n\t\t<\/div>\n\t\t\t\t<\/div>\n\t\t\t\t<\/div>\n\t\t\t\t<div class=\"elementor-element elementor-element-ace5455 elementor-widget elementor-widget-wd_infobox\" data-id=\"ace5455\" data-element_type=\"widget\" data-widget_type=\"wd_infobox.default\">\n\t\t\t\t<div class=\"elementor-widget-container\">\n\t\t\t\t\t<div class=\"info-box-wrapper\">\n\t\t\t<div class=\"wd-info-box text-left box-icon-align-top box-style-bg-hover color-scheme- color-scheme-hover-light\">\n\t\t\t\t\t\t\t\t\t<div class=\"box-icon-wrapper  box-with-icon box-icon-simple\">\n\t\t\t\t\t\t<div class=\"info-box-icon\">\n\t\t\t\t\t\t\t\t\t\t\t\t\t\t\t<img decoding=\"async\" width=\"800\" height=\"500\" src=\"https:\/\/lifeandfamily.net\/wp-content\/uploads\/2024\/07\/Life-skill-facilitator.webp\" class=\"attachment-full size-full\" alt=\"\" srcset=\"https:\/\/lifeandfamily.net\/wp-content\/uploads\/2024\/07\/Life-skill-facilitator.webp 800w, https:\/\/lifeandfamily.net\/wp-content\/uploads\/2024\/07\/Life-skill-facilitator-300x188.webp 300w, https:\/\/lifeandfamily.net\/wp-content\/uploads\/2024\/07\/Life-skill-facilitator-768x480.webp 768w\" sizes=\"(max-width: 800px) 100vw, 800px\" \/>\t\t\t\t\t\t\t\t\t\t\t\t\t<\/div>\n\t\t\t\t\t<\/div>\n\t\t\t\t\n\t\t\t\t<div class=\"info-box-content\">\n\t\t\t\t\t\n\t\t\t\t\t\t\t\t\t\t\t<h4\t\t\t\t\t\tclass=\"info-box-title title box-title-style-default wd-fontsize-m\" data-elementor-setting-key=\"title\">\n\t\t\t\t\t\t\t\tFacilitador de habilidades\t\t\t\t\t\t<\/h4>\n\t\t\t\t\t\n\t\t\t\t\t<div class=\"info-box-inner set-cont-mb-s reset-last-child\"data-elementor-setting-key=\"content\"><p>Este voluntario nos ayudar\u00eda facilitando un taller de habilidades para la vida en su \u00e1rea de especializaci\u00f3n. En resumen, dinos c\u00f3mo puedes ayudar a nuestros clientes y trabajaremos para programar una clase. Dando temas como la atenci\u00f3n prenatal, la educaci\u00f3n infantil, la paternidad, los valores humanos y las virtudes.<\/p>\n<\/div>\n\n\t\t\t\t\t\t\t\t\t<\/div>\n\n\t\t\t\t\t\t\t<\/div>\n\t\t<\/div>\n\t\t\t\t<\/div>\n\t\t\t\t<\/div>\n\t\t\t\t<div class=\"elementor-element elementor-element-4672005 elementor-widget elementor-widget-wd_infobox\" data-id=\"4672005\" data-element_type=\"widget\" data-widget_type=\"wd_infobox.default\">\n\t\t\t\t<div class=\"elementor-widget-container\">\n\t\t\t\t\t<div class=\"info-box-wrapper\">\n\t\t\t<div class=\"wd-info-box text-left box-icon-align-top box-style-bg-hover color-scheme- color-scheme-hover-light\">\n\t\t\t\t\t\t\t\t\t<div class=\"box-icon-wrapper  box-with-icon box-icon-simple\">\n\t\t\t\t\t\t<div class=\"info-box-icon\">\n\t\t\t\t\t\t\t\t\t\t\t\t\t\t\t<img loading=\"lazy\" decoding=\"async\" width=\"800\" height=\"500\" src=\"https:\/\/lifeandfamily.net\/wp-content\/uploads\/2024\/07\/mentor.webp\" class=\"attachment-full size-full\" alt=\"\" srcset=\"https:\/\/lifeandfamily.net\/wp-content\/uploads\/2024\/07\/mentor.webp 800w, https:\/\/lifeandfamily.net\/wp-content\/uploads\/2024\/07\/mentor-300x188.webp 300w, https:\/\/lifeandfamily.net\/wp-content\/uploads\/2024\/07\/mentor-768x480.webp 768w\" sizes=\"(max-width: 800px) 100vw, 800px\" \/>\t\t\t\t\t\t\t\t\t\t\t\t\t<\/div>\n\t\t\t\t\t<\/div>\n\t\t\t\t\n\t\t\t\t<div class=\"info-box-content\">\n\t\t\t\t\t\n\t\t\t\t\t\t\t\t\t\t\t<h4\t\t\t\t\t\tclass=\"info-box-title title box-title-style-default wd-fontsize-m\" data-elementor-setting-key=\"title\">\n\t\t\t\t\t\t\t\tMentor\t\t\t\t\t\t<\/h4>\n\t\t\t\t\t\n\t\t\t\t\t<div class=\"info-box-inner set-cont-mb-s reset-last-child\"data-elementor-setting-key=\"content\"><p>Este voluntario assesorara a nuestra cliente a desarrollar un proyecto de vida y darles seguimiento en sesiones subsecuentes. Los mentores se asignan individualmente a nuestros clientes. Los horarios depender\u00e1n de la disponibilidad del mentor y de los alumnos. Debes tener 21 a\u00f1os o m\u00e1s.<\/p>\n<\/div>\n\n\t\t\t\t\t\t\t\t\t<\/div>\n\n\t\t\t\t\t\t\t<\/div>\n\t\t<\/div>\n\t\t\t\t<\/div>\n\t\t\t\t<\/div>\n\t\t\t\t<div class=\"elementor-element elementor-element-4d01d36 elementor-widget elementor-widget-wd_infobox\" data-id=\"4d01d36\" data-element_type=\"widget\" data-widget_type=\"wd_infobox.default\">\n\t\t\t\t<div class=\"elementor-widget-container\">\n\t\t\t\t\t<div class=\"info-box-wrapper\">\n\t\t\t<div class=\"wd-info-box text-left box-icon-align-top box-style-bg-hover color-scheme- color-scheme-hover-light\">\n\t\t\t\t\t\t\t\t\t<div class=\"box-icon-wrapper  box-with-icon box-icon-simple\">\n\t\t\t\t\t\t<div class=\"info-box-icon\">\n\t\t\t\t\t\t\t\t\t\t\t\t\t\t\t<img loading=\"lazy\" decoding=\"async\" width=\"800\" height=\"500\" src=\"https:\/\/lifeandfamily.net\/wp-content\/uploads\/2024\/07\/arts-and-crafts-classes-1.webp\" class=\"attachment-full size-full\" alt=\"\" srcset=\"https:\/\/lifeandfamily.net\/wp-content\/uploads\/2024\/07\/arts-and-crafts-classes-1.webp 800w, https:\/\/lifeandfamily.net\/wp-content\/uploads\/2024\/07\/arts-and-crafts-classes-1-300x188.webp 300w, https:\/\/lifeandfamily.net\/wp-content\/uploads\/2024\/07\/arts-and-crafts-classes-1-768x480.webp 768w\" sizes=\"(max-width: 800px) 100vw, 800px\" \/>\t\t\t\t\t\t\t\t\t\t\t\t\t<\/div>\n\t\t\t\t\t<\/div>\n\t\t\t\t\n\t\t\t\t<div class=\"info-box-content\">\n\t\t\t\t\t\n\t\t\t\t\t\t\t\t\t\t\t<h4\t\t\t\t\t\tclass=\"info-box-title title box-title-style-default wd-fontsize-m\" data-elementor-setting-key=\"title\">\n\t\t\t\t\t\t\t\tClases de manualidades\t\t\t\t\t\t<\/h4>\n\t\t\t\t\t\n\t\t\t\t\t<div class=\"info-box-inner set-cont-mb-s reset-last-child\"data-elementor-setting-key=\"content\"><p>Este voluntario ofrecer\u00e1 clases para facilitar que nuestros clientes ofrezcan manualidades como negocio secundario<\/p>\n<\/div>\n\n\t\t\t\t\t\t\t\t\t<\/div>\n\n\t\t\t\t\t\t\t<\/div>\n\t\t<\/div>\n\t\t\t\t<\/div>\n\t\t\t\t<\/div>\n\t\t\t\t<div class=\"elementor-element elementor-element-30ad34a elementor-widget elementor-widget-wd_infobox\" data-id=\"30ad34a\" data-element_type=\"widget\" data-widget_type=\"wd_infobox.default\">\n\t\t\t\t<div class=\"elementor-widget-container\">\n\t\t\t\t\t<div class=\"info-box-wrapper\">\n\t\t\t<div class=\"wd-info-box text-left box-icon-align-top box-style-bg-hover color-scheme- color-scheme-hover-light\">\n\t\t\t\t\t\t\t\t\t<div class=\"box-icon-wrapper  box-with-icon box-icon-simple\">\n\t\t\t\t\t\t<div class=\"info-box-icon\">\n\t\t\t\t\t\t\t\t\t\t\t\t\t\t\t<img loading=\"lazy\" decoding=\"async\" width=\"550\" height=\"360\" src=\"https:\/\/lifeandfamily.net\/wp-content\/uploads\/2024\/07\/unnamed-550x360.jpg\" class=\"attachment-550x360 size-550x360\" alt=\"\" \/>\t\t\t\t\t\t\t\t\t\t\t\t\t<\/div>\n\t\t\t\t\t<\/div>\n\t\t\t\t\n\t\t\t\t<div class=\"info-box-content\">\n\t\t\t\t\t\n\t\t\t\t\t\t\t\t\t\t\t<h4\t\t\t\t\t\tclass=\"info-box-title title box-title-style-default wd-fontsize-m\" data-elementor-setting-key=\"title\">\n\t\t\t\t\t\t\t\tGuarder\u00eda\t\t\t\t\t\t<\/h4>\n\t\t\t\t\t\n\t\t\t\t\t<div class=\"info-box-inner set-cont-mb-s reset-last-child\"data-elementor-setting-key=\"content\"><p>Esta oportunidad es para ayudar a cuidar a los beb\u00e9s mientras las mam\u00e1s est\u00e1n en sus clases.<\/p>\n<\/div>\n\n\t\t\t\t\t\t\t\t\t<\/div>\n\n\t\t\t\t\t\t\t<\/div>\n\t\t<\/div>\n\t\t\t\t<\/div>\n\t\t\t\t<\/div>\n\t\t\t\t<div class=\"elementor-element elementor-element-12cba14 elementor-widget elementor-widget-wd_infobox\" data-id=\"12cba14\" data-element_type=\"widget\" data-widget_type=\"wd_infobox.default\">\n\t\t\t\t<div class=\"elementor-widget-container\">\n\t\t\t\t\t<div class=\"info-box-wrapper\">\n\t\t\t<div class=\"wd-info-box text-left box-icon-align-top box-style-bg-hover color-scheme- color-scheme-hover-light\">\n\t\t\t\t\t\t\t\t\t<div class=\"box-icon-wrapper  box-with-icon box-icon-simple\">\n\t\t\t\t\t\t<div class=\"info-box-icon\">\n\t\t\t\t\t\t\t\t\t\t\t\t\t\t\t<img loading=\"lazy\" decoding=\"async\" width=\"800\" height=\"500\" src=\"https:\/\/lifeandfamily.net\/wp-content\/uploads\/2024\/07\/office-assistants.webp\" class=\"attachment-full size-full\" alt=\"\" srcset=\"https:\/\/lifeandfamily.net\/wp-content\/uploads\/2024\/07\/office-assistants.webp 800w, https:\/\/lifeandfamily.net\/wp-content\/uploads\/2024\/07\/office-assistants-300x188.webp 300w, https:\/\/lifeandfamily.net\/wp-content\/uploads\/2024\/07\/office-assistants-768x480.webp 768w\" sizes=\"(max-width: 800px) 100vw, 800px\" \/>\t\t\t\t\t\t\t\t\t\t\t\t\t<\/div>\n\t\t\t\t\t<\/div>\n\t\t\t\t\n\t\t\t\t<div class=\"info-box-content\">\n\t\t\t\t\t\n\t\t\t\t\t\t\t\t\t\t\t<h4\t\t\t\t\t\tclass=\"info-box-title title box-title-style-default wd-fontsize-m\" data-elementor-setting-key=\"title\">\n\t\t\t\t\t\t\t\tAuxiliar de oficina\t\t\t\t\t\t<\/h4>\n\t\t\t\t\t\n\t\t\t\t\t<div class=\"info-box-inner set-cont-mb-s reset-last-child\"data-elementor-setting-key=\"content\"><p>Este voluntario ayudar\u00eda a nuestra Coordinadora y a los clientes asistiendo en las clases, organizando las donaciones, programando y coordinando las citas y las clases.<\/p>\n<\/div>\n\n\t\t\t\t\t\t\t\t\t<\/div>\n\n\t\t\t\t\t\t\t<\/div>\n\t\t<\/div>\n\t\t\t\t<\/div>\n\t\t\t\t<\/div>\n\t\t\t\t\t<\/div>\n\t\t\t\t<\/div>\n\t\t\t\t<\/div>\n\t\t","protected":false},"excerpt":{"rendered":"<p>VOLUNTARIADO Life &amp; Family Pregnancy Center se dedica a proporcionar atenci\u00f3n y asesor\u00eda a mujeres embarazadas en estado vulnerable. Uni\u00e9ndote<\/p>\n","protected":false},"author":1,"featured_media":0,"parent":0,"menu_order":0,"comment_status":"closed","ping_status":"closed","template":"","meta":{"_joinchat":[],"footnotes":""},"class_list":["post-1195","page","type-page","status-publish","hentry"],"_links":{"self":[{"href":"https:\/\/lifeandfamily.net\/es\/wp-json\/wp\/v2\/pages\/1195","targetHints":{"allow":["GET"]}}],"collection":[{"href":"https:\/\/lifeandfamily.net\/es\/wp-json\/wp\/v2\/pages"}],"about":[{"href":"https:\/\/lifeandfamily.net\/es\/wp-json\/wp\/v2\/types\/page"}],"author":[{"embeddable":true,"href":"https:\/\/lifeandfamily.net\/es\/wp-json\/wp\/v2\/users\/1"}],"replies":[{"embeddable":true,"href":"https:\/\/lifeandfamily.net\/es\/wp-json\/wp\/v2\/comments?post=1195"}],"version-history":[{"count":0,"href":"https:\/\/lifeandfamily.net\/es\/wp-json\/wp\/v2\/pages\/1195\/revisions"}],"wp:attachment":[{"href":"https:\/\/lifeandfamily.net\/es\/wp-json\/wp\/v2\/media?parent=1195"}],"curies":[{"name":"wp","href":"https:\/\/api.w.org\/{rel}","templated":true}]}}