{"id":1197,"date":"2024-07-01T06:08:18","date_gmt":"2024-07-01T10:08:18","guid":{"rendered":"https:\/\/lifeandfamily.net\/pregnant\/"},"modified":"2024-08-12T17:15:35","modified_gmt":"2024-08-12T21:15:35","slug":"pregnant","status":"publish","type":"page","link":"https:\/\/lifeandfamily.net\/es\/pregnant\/","title":{"rendered":"\u00bfEmbarazada?"},"content":{"rendered":"\t\t<div data-elementor-type=\"wp-page\" data-elementor-id=\"1197\" class=\"elementor elementor-1197 elementor-17\">\n\t\t\t\t<div class=\"elementor-element elementor-element-67b452c wd-section-stretch e-flex e-con-boxed e-con e-parent\" data-id=\"67b452c\" data-element_type=\"container\">\n\t\t\t\t\t<div class=\"e-con-inner\">\n\t\t<div class=\"elementor-element elementor-element-92ea850 e-con-full homepage-btn e-flex e-con e-child\" data-id=\"92ea850\" data-element_type=\"container\">\n\t\t\t\t<div class=\"elementor-element elementor-element-9d5c06d wd-width-100 elementor-widget elementor-widget-wd_title\" data-id=\"9d5c06d\" data-element_type=\"widget\" data-widget_type=\"wd_title.default\">\n\t\t\t\t<div class=\"elementor-widget-container\">\n\t\t\t\t\t\t<link rel=\"stylesheet\" id=\"wd-section-title-css\" href=\"https:\/\/lifeandfamily.net\/wp-content\/themes\/woodmart\/css\/parts\/el-section-title.min.css?ver=7.5.1\" type=\"text\/css\" media=\"all\" \/> \t\t\t\t\t<div class=\"title-wrapper set-mb-s reset-last-child wd-title-color-default wd-title-style-default wd-title-size-large text-center\">\n\n\t\t\t\n\t\t\t<div class=\"liner-continer\">\n\t\t\t\t<h3 class=\"woodmart-title-container title wd-fontsize-xxl\">Conoce tus opciones<\/h3> \n\t\t\t\t\t\t\t<\/div>\n\n\t\t\t\t\t<\/div>\n\t\t\t\t<\/div>\n\t\t\t\t<\/div>\n\t\t\t\t<div class=\"elementor-element elementor-element-17f638e bgbtn4 elementor-widget elementor-widget-wd_button\" data-id=\"17f638e\" data-element_type=\"widget\" data-widget_type=\"wd_button.default\">\n\t\t\t\t<div class=\"elementor-widget-container\">\n\t\t\t\t\t<div class=\"wd-button-wrapper text-center\" >\n\t\t\t<a class=\"btn btn-style-default btn-style-semi-round btn-size-extra-large btn-scheme-dark btn-scheme-hover-light btn-icon-pos-right\"  href=\"#parenting\">\n\t\t\t\t<span class=\"wd-btn-text\" data-elementor-setting-key=\"text\">\n\t\t\t\t\tMaternidad\t\t\t\t<\/span>\n\n\t\t\t\t\t\t\t<\/a>\n\t\t<\/div>\n\t\t\t\t<\/div>\n\t\t\t\t<\/div>\n\t\t\t\t<div class=\"elementor-element elementor-element-5ce337b bgbtn5 elementor-widget elementor-widget-wd_button\" data-id=\"5ce337b\" data-element_type=\"widget\" data-widget_type=\"wd_button.default\">\n\t\t\t\t<div class=\"elementor-widget-container\">\n\t\t\t\t\t<div class=\"wd-button-wrapper text-center\" >\n\t\t\t<a class=\"btn btn-style-default btn-style-semi-round btn-size-extra-large btn-scheme-dark btn-scheme-hover-light btn-icon-pos-right\"  href=\"#adoption\">\n\t\t\t\t<span class=\"wd-btn-text\" data-elementor-setting-key=\"text\">\n\t\t\t\t\tAdopci\u00f3n\t\t\t\t<\/span>\n\n\t\t\t\t\t\t\t<\/a>\n\t\t<\/div>\n\t\t\t\t<\/div>\n\t\t\t\t<\/div>\n\t\t\t\t<div class=\"elementor-element elementor-element-f5dfd37 bgbtn3 elementor-widget elementor-widget-wd_button\" data-id=\"f5dfd37\" data-element_type=\"widget\" data-widget_type=\"wd_button.default\">\n\t\t\t\t<div class=\"elementor-widget-container\">\n\t\t\t\t\t<div class=\"wd-button-wrapper text-center\" >\n\t\t\t<a class=\"btn btn-style-default btn-style-semi-round btn-size-extra-large btn-scheme-dark btn-scheme-hover-light btn-icon-pos-right\"  href=\"#abortion\">\n\t\t\t\t<span class=\"wd-btn-text\" data-elementor-setting-key=\"text\">\n\t\t\t\t\tAborto\t\t\t\t<\/span>\n\n\t\t\t\t\t\t\t<\/a>\n\t\t<\/div>\n\t\t\t\t<\/div>\n\t\t\t\t<\/div>\n\t\t\t\t<\/div>\n\t\t<div class=\"elementor-element elementor-element-7ec4bc9 e-con-full e-flex e-con e-child\" data-id=\"7ec4bc9\" data-element_type=\"container\">\n\t\t\t\t<div class=\"elementor-element elementor-element-59da328 elementor-widget elementor-widget-wd_image_or_svg\" data-id=\"59da328\" data-element_type=\"widget\" data-widget_type=\"wd_image_or_svg.default\">\n\t\t\t\t<div class=\"elementor-widget-container\">\n\t\t\t\n\t\t<div class=\"wd-image text-left\">\n\t\t\t\t\t\t\t\t<img fetchpriority=\"high\" decoding=\"async\" width=\"800\" height=\"1000\" src=\"https:\/\/lifeandfamily.net\/wp-content\/uploads\/2024\/07\/pregnant-pregnant-2.webp\" class=\"attachment-full size-full\" alt=\"\" srcset=\"https:\/\/lifeandfamily.net\/wp-content\/uploads\/2024\/07\/pregnant-pregnant-2.webp 800w, https:\/\/lifeandfamily.net\/wp-content\/uploads\/2024\/07\/pregnant-pregnant-2-240x300.webp 240w, https:\/\/lifeandfamily.net\/wp-content\/uploads\/2024\/07\/pregnant-pregnant-2-768x960.webp 768w\" sizes=\"(max-width: 800px) 100vw, 800px\" \/>\t\t\t\t\t<\/div>\n\n\t\t\t\t<\/div>\n\t\t\t\t<\/div>\n\t\t\t\t<\/div>\n\t\t<div class=\"elementor-element elementor-element-6275c48 e-con-full e-flex e-con e-child\" data-id=\"6275c48\" data-element_type=\"container\" id=\"parenting\">\n\t\t\t\t<div class=\"elementor-element elementor-element-b4ae2b1 elementor-widget__width-initial justext wd-width-100 elementor-widget elementor-widget-wd_title\" data-id=\"b4ae2b1\" data-element_type=\"widget\" data-widget_type=\"wd_title.default\">\n\t\t\t\t<div class=\"elementor-widget-container\">\n\t\t\t\t\t<div class=\"title-wrapper set-mb-s reset-last-child wd-title-color-default wd-title-style-default wd-title-size-extra-large text-left\">\n\n\t\t\t\n\t\t\t<div class=\"liner-continer\">\n\t\t\t\t<h1 class=\"woodmart-title-container title wd-fontsize-xxxl\">Maternidad<\/h1> \n\t\t\t\t\t\t\t<\/div>\n\n\t\t\t\t\t\t\t<div class=\"title-after_title set-cont-mb-s reset-last-child wd-fontsize-s\">\n\t\t\t\t\tTu pensamiento inicial podr\u00eda ser: \"\u00a1Oh, no, no hay forma de que yo pueda tener a este beb\u00e9!\" Sin embargo, puede que te sorprenda la gran cantidad de apoyo y recursos que tienes a tu disposici\u00f3n. Ser una buena madre no tiene que ver con si planeaste quedar embarazada; tiene que ver con el tiempo y el esfuerzo que dedicas a cuidar de tu hijo.\t\t\t\t<\/div>\n\t\t\t\t\t<\/div>\n\t\t\t\t<\/div>\n\t\t\t\t<\/div>\n\t\t\t\t<div class=\"elementor-element elementor-element-8683dd7 justext elementor-widget elementor-widget-wd_text_block\" data-id=\"8683dd7\" data-element_type=\"widget\" data-widget_type=\"wd_text_block.default\">\n\t\t\t\t<div class=\"elementor-widget-container\">\n\t\t\t\t\t\t<link rel=\"stylesheet\" id=\"wd-text-block-css\" href=\"https:\/\/lifeandfamily.net\/wp-content\/themes\/woodmart\/css\/parts\/el-text-block.min.css?ver=7.5.1\" type=\"text\/css\" media=\"all\" \/> \t\t\t\t\t<div class=\"wd-text-block reset-last-child text-left\">\n\t\t\t\n\t\t\tOfrecemos un espacio seguro para hablar de tus preocupaciones, responder a tus preguntas y explorar el camino de la maternidad. Nuestro objetivo es proporcionarte la informaci\u00f3n y los recursos que necesitas para tomar la mejor decisi\u00f3n para ti y tu futuro.\nEn Life &amp; Family Pregnancy Center, nuestro objetivo es proporcionarte tantos recursos como sea posible. Tanto si eres madre primeriza como si necesitas orientaci\u00f3n sobre crianza, educaci\u00f3n compartida, relaciones sanas, educaci\u00f3n o estabilidad econ\u00f3mica, nuestras clases est\u00e1n aqu\u00ed para apoyarte. Nos comprometemos a ayudarte a convertirte en la mejor madre que puedas ser. Todas nuestras clases y recursos se ofrecen sin costo alguno.\n\t\t\t\t\t<\/div>\n\t\t\t\t<\/div>\n\t\t\t\t<\/div>\n\t\t\t\t<div class=\"elementor-element elementor-element-25cd03e elementor-widget elementor-widget-wd_button\" data-id=\"25cd03e\" data-element_type=\"widget\" data-widget_type=\"wd_button.default\">\n\t\t\t\t<div class=\"elementor-widget-container\">\n\t\t\t\t\t<div class=\"wd-button-wrapper text-left\" >\n\t\t\t<a class=\"btn btn-style-default btn-style-semi-round btn-size-large btn-scheme-inherit btn-scheme-hover-inherit btn-icon-pos-right\"  href=\"https:\/\/lifeandfamily.net\/#appointment\">\n\t\t\t\t<span class=\"wd-btn-text\" data-elementor-setting-key=\"text\">\n\t\t\t\t\tReservar cita\t\t\t\t<\/span>\n\n\t\t\t\t\t\t\t<\/a>\n\t\t<\/div>\n\t\t\t\t<\/div>\n\t\t\t\t<\/div>\n\t\t\t\t<\/div>\n\t\t\t\t\t<\/div>\n\t\t\t\t<\/div>\n\t\t<div class=\"elementor-element elementor-element-a1ab844 wd-section-stretch e-flex e-con-boxed e-con e-parent\" data-id=\"a1ab844\" data-element_type=\"container\" data-settings=\"{&quot;background_background&quot;:&quot;classic&quot;}\">\n\t\t\t\t\t<div class=\"e-con-inner\">\n\t\t<div class=\"elementor-element elementor-element-ac806f5 e-con-full e-flex e-con e-child\" data-id=\"ac806f5\" data-element_type=\"container\" id=\"adoption\">\n\t\t\t\t<div class=\"elementor-element elementor-element-7960185 wd-width-100 elementor-widget elementor-widget-wd_title\" data-id=\"7960185\" data-element_type=\"widget\" data-widget_type=\"wd_title.default\">\n\t\t\t\t<div class=\"elementor-widget-container\">\n\t\t\t\t\t<div class=\"title-wrapper set-mb-s reset-last-child wd-title-color-default wd-title-style-default wd-title-size-extra-large text-left\">\n\n\t\t\t\n\t\t\t<div class=\"liner-continer\">\n\t\t\t\t<h1 class=\"woodmart-title-container title wd-fontsize-xxxl\">Adopci\u00f3n<\/h1> \n\t\t\t\t\t\t\t<\/div>\n\n\t\t\t\t\t<\/div>\n\t\t\t\t<\/div>\n\t\t\t\t<\/div>\n\t\t\t\t<div class=\"elementor-element elementor-element-1a78838 justext elementor-widget elementor-widget-wd_text_block\" data-id=\"1a78838\" data-element_type=\"widget\" data-widget_type=\"wd_text_block.default\">\n\t\t\t\t<div class=\"elementor-widget-container\">\n\t\t\t\t\t<div class=\"wd-text-block reset-last-child text-left\">\n\t\t\t\n\t\t\tEl Life &amp; Family Pregnancy Center ofrece informaci\u00f3n exhaustiva sobre todas las opciones de embarazo y ofrece una consulta gratuita para ayudarte a comprender qu\u00e9 puedes esperar. Nuestro apoyo incluye explorar todas tus opciones de embarazo, incluida la adopci\u00f3n. Nuestros servicios proporcionan informaci\u00f3n gratuita sobre el proceso de adopci\u00f3n a las madres biol\u00f3gicas y te ponen en contacto con agencias que satisfacen tus necesidades espec\u00edficas. A menudo se dispone de ayuda econ\u00f3mica para gastos m\u00e9dicos y de manutenci\u00f3n, junto con otras prestaciones diversas para apoyar a las madres biol\u00f3gicas. Estamos aqu\u00ed para responder a tus preguntas sobre el proceso de adopci\u00f3n para padres biol\u00f3gicos en Texas.\n\t\t\t\t\t<\/div>\n\t\t\t\t<\/div>\n\t\t\t\t<\/div>\n\t\t\t\t<div class=\"elementor-element elementor-element-fddb5f8 elementor-widget elementor-widget-wd_button\" data-id=\"fddb5f8\" data-element_type=\"widget\" data-widget_type=\"wd_button.default\">\n\t\t\t\t<div class=\"elementor-widget-container\">\n\t\t\t\t\t<div class=\"wd-button-wrapper text-left\" >\n\t\t\t<a class=\"btn btn-style-default btn-style-semi-round btn-size-large btn-scheme-inherit btn-scheme-hover-inherit btn-icon-pos-right\"  href=\"https:\/\/lifeandfamily.net\/es\/ponte-en-contacto-con\/\">\n\t\t\t\t<span class=\"wd-btn-text\" data-elementor-setting-key=\"text\">\n\t\t\t\t\tCont\u00e1ctanos\t\t\t\t<\/span>\n\n\t\t\t\t\t\t\t<\/a>\n\t\t<\/div>\n\t\t\t\t<\/div>\n\t\t\t\t<\/div>\n\t\t\t\t<\/div>\n\t\t<div class=\"elementor-element elementor-element-fc05024 e-con-full e-flex e-con e-child\" data-id=\"fc05024\" data-element_type=\"container\">\n\t\t\t\t<\/div>\n\t\t\t\t\t<\/div>\n\t\t\t\t<\/div>\n\t\t<div class=\"elementor-element elementor-element-06fc460 wd-section-stretch e-flex e-con-boxed e-con e-parent\" data-id=\"06fc460\" data-element_type=\"container\">\n\t\t\t\t\t<div class=\"e-con-inner\">\n\t\t<div class=\"elementor-element elementor-element-c51d888 e-con-full e-flex e-con e-child\" data-id=\"c51d888\" data-element_type=\"container\">\n\t\t\t\t<div class=\"elementor-element elementor-element-e8a3245 elementor-widget elementor-widget-wd_image_or_svg\" data-id=\"e8a3245\" data-element_type=\"widget\" data-widget_type=\"wd_image_or_svg.default\">\n\t\t\t\t<div class=\"elementor-widget-container\">\n\t\t\t\n\t\t<div class=\"wd-image text-left\">\n\t\t\t\t\t\t\t\t<img decoding=\"async\" width=\"1440\" height=\"2560\" src=\"https:\/\/lifeandfamily.net\/wp-content\/uploads\/2024\/07\/empty-bed-in-hospital-ward-with-medical-equipment-2023-11-27-05-28-38-utc-scaled.jpg\" class=\"attachment-full size-full\" alt=\"\" srcset=\"https:\/\/lifeandfamily.net\/wp-content\/uploads\/2024\/07\/empty-bed-in-hospital-ward-with-medical-equipment-2023-11-27-05-28-38-utc-scaled.jpg 1440w, https:\/\/lifeandfamily.net\/wp-content\/uploads\/2024\/07\/empty-bed-in-hospital-ward-with-medical-equipment-2023-11-27-05-28-38-utc-169x300.jpg 169w, https:\/\/lifeandfamily.net\/wp-content\/uploads\/2024\/07\/empty-bed-in-hospital-ward-with-medical-equipment-2023-11-27-05-28-38-utc-576x1024.jpg 576w, https:\/\/lifeandfamily.net\/wp-content\/uploads\/2024\/07\/empty-bed-in-hospital-ward-with-medical-equipment-2023-11-27-05-28-38-utc-768x1365.jpg 768w, https:\/\/lifeandfamily.net\/wp-content\/uploads\/2024\/07\/empty-bed-in-hospital-ward-with-medical-equipment-2023-11-27-05-28-38-utc-864x1536.jpg 864w, https:\/\/lifeandfamily.net\/wp-content\/uploads\/2024\/07\/empty-bed-in-hospital-ward-with-medical-equipment-2023-11-27-05-28-38-utc-1152x2048.jpg 1152w\" sizes=\"(max-width: 1440px) 100vw, 1440px\" \/>\t\t\t\t\t<\/div>\n\n\t\t\t\t<\/div>\n\t\t\t\t<\/div>\n\t\t\t\t<\/div>\n\t\t<div class=\"elementor-element elementor-element-f782b3b e-con-full e-flex e-con e-child\" data-id=\"f782b3b\" data-element_type=\"container\" id=\"abortion\">\n\t\t\t\t<div class=\"elementor-element elementor-element-b2dbdf5 wd-width-100 elementor-widget elementor-widget-wd_title\" data-id=\"b2dbdf5\" data-element_type=\"widget\" data-widget_type=\"wd_title.default\">\n\t\t\t\t<div class=\"elementor-widget-container\">\n\t\t\t\t\t<div class=\"title-wrapper set-mb-s reset-last-child wd-title-color-default wd-title-style-default wd-title-size-extra-large text-left\">\n\n\t\t\t\n\t\t\t<div class=\"liner-continer\">\n\t\t\t\t<h1 class=\"woodmart-title-container title wd-fontsize-xxxl\">Aborto<\/h1> \n\t\t\t\t\t\t\t<\/div>\n\n\t\t\t\t\t<\/div>\n\t\t\t\t<\/div>\n\t\t\t\t<\/div>\n\t\t\t\t<div class=\"elementor-element elementor-element-c26c087 justext elementor-widget elementor-widget-wd_text_block\" data-id=\"c26c087\" data-element_type=\"widget\" data-widget_type=\"wd_text_block.default\">\n\t\t\t\t<div class=\"elementor-widget-container\">\n\t\t\t\t\t<div class=\"wd-text-block reset-last-child text-left\">\n\t\t\t\n\t\t\t<p>Life &amp; Family Pregnancy Center es el primer contacto para proporcionar apoyo a las mujeres que se enfrentan a decisiones de aborto en el sur de Texas. Si te enfrentas a decisiones dif\u00edciles, nuestro centro ofrece asesoramiento compasivo, informaci\u00f3n y referencias a proveedores fiables de servicios de ultrasonido previo al aborto para determinar la viabilidad de tu embarazo. Estamos aqu\u00ed para proporcionarte los conocimientos y las opciones que necesitas.<\/p>\n\t\t\t\t\t<\/div>\n\t\t\t\t<\/div>\n\t\t\t\t<\/div>\n\t\t\t\t<div class=\"elementor-element elementor-element-3b3db94 elementor-widget elementor-widget-wd_accordion\" data-id=\"3b3db94\" data-element_type=\"widget\" data-widget_type=\"wd_accordion.default\">\n\t\t\t\t<div class=\"elementor-widget-container\">\n\t\t\t\t\t\t<link rel=\"stylesheet\" id=\"wd-accordion-css\" href=\"https:\/\/lifeandfamily.net\/wp-content\/themes\/woodmart\/css\/parts\/el-accordion.min.css?ver=7.5.1\" type=\"text\/css\" media=\"all\" \/> \t\t\t\n\t\t<div class=\"wd-accordion wd-style-shadow\" data-state=\"first\">\n\t\t\t\t\t\t\t\n\t\t\t\t<div class=\"wd-accordion-item\">\n\t\t\t\t\t<div class=\"wd-accordion-title wd-active text-left wd-opener-pos-right\" data-accordion-index=\"0\">\n\t\t\t\t\t\t<div class=\"wd-accordion-title-text\">\n\t\t\t\t\t\t\t\t\t\t\t\t\t\t<span>\n\t\t\t\t\t\t\t\tAborto medicado\t\t\t\t\t\t\t<\/span>\n\t\t\t\t\t\t<\/div>\n\t\t\t\t\t\t<span class=\"wd-accordion-opener wd-opener-style-plus\"><\/span>\n\t\t\t\t\t<\/div>\n\n\t\t\t\t\t<div class=\"wd-accordion-content reset-last-child wd-active\" data-accordion-index=\"0\">\n\t\t\t\t\t\t\t\t\t\t\t\t\t\n\t\t\t\t\t\t\t<p>Tambi\u00e9n llamado p\u00edldora abortiva, puede tomarse hasta los 70 d\u00edas (10 semanas de embarazo).<\/p>\n\t\t\t\t\t\t\t\t\t\t\t\t\t\t\t\t\t\t<\/div>\n\t\t\t\t<\/div>\n\t\t\t\t\t\t\t\n\t\t\t\t<div class=\"wd-accordion-item\">\n\t\t\t\t\t<div class=\"wd-accordion-title text-left wd-opener-pos-right\" data-accordion-index=\"1\">\n\t\t\t\t\t\t<div class=\"wd-accordion-title-text\">\n\t\t\t\t\t\t\t\t\t\t\t\t\t\t<span>\n\t\t\t\t\t\t\t\tAborto quir\u00fargico\t\t\t\t\t\t\t<\/span>\n\t\t\t\t\t\t<\/div>\n\t\t\t\t\t\t<span class=\"wd-accordion-opener wd-opener-style-plus\"><\/span>\n\t\t\t\t\t<\/div>\n\n\t\t\t\t\t<div class=\"wd-accordion-content reset-last-child\" data-accordion-index=\"1\">\n\t\t\t\t\t\t\t\t\t\t\t\t\t\n\t\t\t\t\t\t\t<p>Es un procedimiento quir\u00fargico que suele practicarse entre las 6 a 14 semanas de embarazo.<\/p>\n\t\t\t\t\t\t\t\t\t\t\t\t\t\t\t\t\t\t<\/div>\n\t\t\t\t<\/div>\n\t\t\t\t\t<\/div>\n\t\t\t\t<\/div>\n\t\t\t\t<\/div>\n\t\t\t\t<div class=\"elementor-element elementor-element-77923b1 justext elementor-widget elementor-widget-wd_text_block\" data-id=\"77923b1\" data-element_type=\"widget\" data-widget_type=\"wd_text_block.default\">\n\t\t\t\t<div class=\"elementor-widget-container\">\n\t\t\t\t\t<div class=\"wd-text-block reset-last-child text-left\">\n\t\t\t\n\t\t\tSi est\u00e1s considerando tomar p\u00edldoras abortivas, m\u00e9todos caseros o abortar en una cl\u00ednica, te ofrecemos informaci\u00f3n sobre qu\u00e9 hacer antes de abortar en Texas. Como el aborto est\u00e1 restringido en nuestro estado, te recomendamos que TE INFORMES ANTES DE IR. Todos nuestros servicios son gratuitos y confidenciales.\n\t\t\t\t\t<\/div>\n\t\t\t\t<\/div>\n\t\t\t\t<\/div>\n\t\t\t\t<div class=\"elementor-element elementor-element-fe770e1 justext elementor-widget elementor-widget-wd_text_block\" data-id=\"fe770e1\" data-element_type=\"widget\" data-widget_type=\"wd_text_block.default\">\n\t\t\t\t<div class=\"elementor-widget-container\">\n\t\t\t\t\t<div class=\"wd-text-block reset-last-child text-left\">\n\t\t\t\n\t\t\t<p>Somos conscientes de que el tiempo apremia, ponte en contacto con nosotros en el <a href=\"tel:9566414776\">(956)641-4776<\/a> o env\u00edanos un mensaje de texto al <a href=\"tel:9564088127\">(956)408-8127<\/a>, o solicita una cita haciendo clic en el bot\u00f3n de abajo.<\/p>\n\t\t\t\t\t<\/div>\n\t\t\t\t<\/div>\n\t\t\t\t<\/div>\n\t\t\t\t<div class=\"elementor-element elementor-element-73cee00 elementor-widget elementor-widget-wd_button\" data-id=\"73cee00\" data-element_type=\"widget\" data-widget_type=\"wd_button.default\">\n\t\t\t\t<div class=\"elementor-widget-container\">\n\t\t\t\t\t<div class=\"wd-button-wrapper text-left\" >\n\t\t\t<a class=\"btn btn-style-default btn-style-semi-round btn-size-large btn-scheme-inherit btn-scheme-hover-inherit btn-icon-pos-right\"  href=\"https:\/\/lifeandfamily.net\/#appointment\">\n\t\t\t\t<span class=\"wd-btn-text\" data-elementor-setting-key=\"text\">\n\t\t\t\t\tReservar cita\t\t\t\t<\/span>\n\n\t\t\t\t\t\t\t<\/a>\n\t\t<\/div>\n\t\t\t\t<\/div>\n\t\t\t\t<\/div>\n\t\t\t\t<\/div>\n\t\t\t\t\t<\/div>\n\t\t\t\t<\/div>\n\t\t\t\t<\/div>\n\t\t","protected":false},"excerpt":{"rendered":"<p>Conoce tus opciones Maternidad Adopci\u00f3n Aborto Maternidad Tu pensamiento inicial podr\u00eda ser: \u00ab\u00a1Oh, no, no hay forma de que yo<\/p>\n","protected":false},"author":1,"featured_media":0,"parent":0,"menu_order":0,"comment_status":"closed","ping_status":"closed","template":"","meta":{"_joinchat":[],"footnotes":""},"class_list":["post-1197","page","type-page","status-publish","hentry"],"_links":{"self":[{"href":"https:\/\/lifeandfamily.net\/es\/wp-json\/wp\/v2\/pages\/1197","targetHints":{"allow":["GET"]}}],"collection":[{"href":"https:\/\/lifeandfamily.net\/es\/wp-json\/wp\/v2\/pages"}],"about":[{"href":"https:\/\/lifeandfamily.net\/es\/wp-json\/wp\/v2\/types\/page"}],"author":[{"embeddable":true,"href":"https:\/\/lifeandfamily.net\/es\/wp-json\/wp\/v2\/users\/1"}],"replies":[{"embeddable":true,"href":"https:\/\/lifeandfamily.net\/es\/wp-json\/wp\/v2\/comments?post=1197"}],"version-history":[{"count":0,"href":"https:\/\/lifeandfamily.net\/es\/wp-json\/wp\/v2\/pages\/1197\/revisions"}],"wp:attachment":[{"href":"https:\/\/lifeandfamily.net\/es\/wp-json\/wp\/v2\/media?parent=1197"}],"curies":[{"name":"wp","href":"https:\/\/api.w.org\/{rel}","templated":true}]}}